{"id":3989,"date":"2024-10-30T19:20:03","date_gmt":"2024-10-30T15:20:03","guid":{"rendered":"https:\/\/popeyejetski.com\/product\/visite-complete-de-dubai\/"},"modified":"2025-11-28T15:44:08","modified_gmt":"2025-11-28T11:44:08","slug":"premium-jetski-experience-120-minute-in-dubai","status":"publish","type":"product","link":"https:\/\/popeyejetski.com\/fr\/product\/premium-jetski-experience-120-minute-in-dubai\/","title":{"rendered":"Full Dubai Tour &#8211; 120 MIN"},"content":{"rendered":"<p>Vivez l&rsquo;aventure ultime d&rsquo;un jetski haut de gamme avec une balade de 120 minutes \u00e0 travers les sites embl\u00e9matiques de Duba\u00ef, notamment le Burj Al Arab, le JBR, le Bluewaters, l&rsquo;Atlantis, le royal atlantis, le Palm Jumeirah et la ligne d&rsquo;horizon de Duba\u00ef. R\u00e9servez d\u00e8s aujourd&rsquo;hui votre voyage inoubliable !<\/p>\n","protected":false},"excerpt":{"rendered":"<p>Vivez l&rsquo;aventure ultime d&rsquo;un jetski haut de gamme avec une balade de 120 minutes \u00e0 travers les sites embl\u00e9matiques de Duba\u00ef, notamment le Burj Al Arab, le JBR, le Bluewaters, l&rsquo;Atlantis, le royal atlantis, le Palm Jumeirah et la ligne d&rsquo;horizon de Duba\u00ef. R\u00e9servez d\u00e8s aujourd&rsquo;hui votre voyage inoubliable !<\/p>\n","protected":false},"featured_media":6299,"comment_status":"open","ping_status":"closed","template":"","meta":{"_acf_changed":false},"product_brand":[],"product_cat":[86],"product_tag":[],"class_list":{"0":"post-3989","1":"product","2":"type-product","3":"status-publish","4":"has-post-thumbnail","6":"product_cat-jetski-fr","8":"first","9":"instock","10":"taxable","11":"shipping-taxable","12":"purchasable","13":"product-type-phive_booking"},"exclude_global_add_ons":true,"addons":[{"name":"Jetski Models","type":"multiple_choice","position":0,"required":true,"title_format":"hide","default":"0","description_enable":true,"description":"<img class=\"alignnone size-medium wp-image-1090\" role=\"img\" src=\"https:\/\/popeyejetski.com\/wp-content\/uploads\/2024\/10\/SealCheck.svg\" alt=\"\" width=\"19\" height=\"19\" \/> Jetski Models","placeholder_enable":false,"placeholder":"","display":"select","restrictions_type":"any_text","adjust_price":false,"price":"","price_type":"flat_fee","restrictions":false,"min":"0","max":"0","options":[{"label":"Yamaha VX Deluxe 1050cc (Default)","price":"","price_type":"flat_fee","image":0,"visibility":true},{"label":"Yamaha JetBlaster","price":"40","price_type":"flat_fee","image":0,"visibility":true},{"label":"Yamaha GP HO 1900cc + Music","price":"140","price_type":"flat_fee","image":0,"visibility":true},{"label":"\u2060Yamaha FX SVHO 260Hp","price":"250","price_type":"flat_fee","image":0,"visibility":true}],"id":1764344230},{"name":"Towels","type":"multiple_choice","position":1,"required":false,"title_format":"hide","default":"","description_enable":true,"description":"<a href=\"https:\/\/popeyejetski.com\/wp-content\/uploads\/2024\/10\/BaseballCap.svg\"><img class=\"alignnone size-medium wp-image-1316\" role=\"img\" src=\"https:\/\/popeyejetski.com\/wp-content\/uploads\/2024\/10\/Towel.svg\" alt=\"\" width=\"19\" height=\"19\" \/><\/a>\u00a0Towels","placeholder_enable":false,"placeholder":"","display":"select","restrictions_type":"any_text","adjust_price":false,"price":"","price_type":"flat_fee","restrictions":false,"min":"0","max":"0","options":[{"label":"1 Towel","price":"60","price_type":"flat_fee","image":0,"visibility":true},{"label":"2 Towels","price":"120","price_type":"flat_fee","image":0,"visibility":true},{"label":"3 Towels","price":"180","price_type":"flat_fee","image":0,"visibility":true},{"label":"4 Towels","price":"240","price_type":"flat_fee","image":0,"visibility":true},{"label":"5 Towels","price":"300","price_type":"flat_fee","image":0,"visibility":true},{"label":"6 Towels","price":"360","price_type":"flat_fee","image":0,"visibility":true},{"label":"7 Towels","price":"420","price_type":"flat_fee","image":0,"visibility":true},{"label":"8 Towels","price":"480","price_type":"flat_fee","image":0,"visibility":true},{"label":"9 Towels","price":"540","price_type":"flat_fee","image":0,"visibility":true},{"label":"10 Towels","price":"600","price_type":"flat_fee","image":0,"visibility":true}],"id":1764344231},{"name":"Waterproof Case (For Mobile)","type":"multiple_choice","position":2,"required":false,"title_format":"hide","default":"","description_enable":true,"description":"<img class=\"alignnone size-medium wp-image-1314\" role=\"img\" src=\"https:\/\/popeyejetski.com\/wp-content\/uploads\/2024\/10\/DropSlash.svg\" alt=\"\" width=\"19\" height=\"19\" \/> Waterproof Case","placeholder_enable":false,"placeholder":"","display":"select","restrictions_type":"any_text","adjust_price":false,"price":"","price_type":"flat_fee","restrictions":false,"min":"0","max":"0","options":[{"label":"1 Wp Case","price":"60","price_type":"flat_fee","image":0,"visibility":true},{"label":"2 WpCases","price":"120","price_type":"flat_fee","image":0,"visibility":true},{"label":"3 WpCases","price":"180","price_type":"flat_fee","image":0,"visibility":true},{"label":"4 Wp Cases","price":"240","price_type":"flat_fee","image":0,"visibility":true},{"label":"5 Wp Cases","price":"300","price_type":"flat_fee","image":0,"visibility":true},{"label":"6 Wp Cases","price":"360","price_type":"flat_fee","image":0,"visibility":true},{"label":"7 Wp Cases","price":"420","price_type":"flat_fee","image":0,"visibility":true},{"label":"8 Wp Cases","price":"480","price_type":"flat_fee","image":0,"visibility":true},{"label":"9 Wp Cases","price":"540","price_type":"flat_fee","image":0,"visibility":true},{"label":"10 Wp Cases","price":"600","price_type":"flat_fee","image":0,"visibility":true}],"id":1764344232},{"name":"Pick up service","type":"multiple_choice","position":3,"required":false,"title_format":"hide","default":"","description_enable":true,"description":"<img class=\"alignnone size-medium wp-image-1315\" role=\"img\" src=\"https:\/\/popeyejetski.com\/wp-content\/uploads\/2024\/10\/hugeicons_pickup-01.svg\" alt=\"\" width=\"19\" height=\"19\" \/> Pick up &amp; Drop off service","placeholder_enable":false,"placeholder":"","display":"select","restrictions_type":"any_text","adjust_price":false,"price":"","price_type":"flat_fee","restrictions":false,"min":"0","max":"0","options":[{"label":"Only - Pick up service up to 4 persons","price":"75","price_type":"flat_fee","image":0,"visibility":true},{"label":"Pick up & Drop off up to 4 persons","price":"150","price_type":"flat_fee","image":0,"visibility":true}],"id":1764344233},{"name":"Requirements","type":"heading","position":4,"required":false,"title_format":"label","default":"","description_enable":true,"description":"<div class=\"my-overall-reqiure\"><span class=\"my-heading\">Requirements:<\/span>\r\n<span class=\"my-descrip\">Your Name, Your Location and your WhatsApp number <\/span><\/div>","placeholder_enable":false,"placeholder":"","display":"select","restrictions_type":"any_text","adjust_price":false,"price":"","price_type":"flat_fee","restrictions":false,"min":"0","max":"0","options":[],"id":1764344234}],"acf":[],"_links":{"self":[{"href":"https:\/\/popeyejetski.com\/fr\/wp-json\/wp\/v2\/product\/3989","targetHints":{"allow":["GET"]}}],"collection":[{"href":"https:\/\/popeyejetski.com\/fr\/wp-json\/wp\/v2\/product"}],"about":[{"href":"https:\/\/popeyejetski.com\/fr\/wp-json\/wp\/v2\/types\/product"}],"replies":[{"embeddable":true,"href":"https:\/\/popeyejetski.com\/fr\/wp-json\/wp\/v2\/comments?post=3989"}],"version-history":[{"count":3,"href":"https:\/\/popeyejetski.com\/fr\/wp-json\/wp\/v2\/product\/3989\/revisions"}],"predecessor-version":[{"id":11334,"href":"https:\/\/popeyejetski.com\/fr\/wp-json\/wp\/v2\/product\/3989\/revisions\/11334"}],"wp:featuredmedia":[{"embeddable":true,"href":"https:\/\/popeyejetski.com\/fr\/wp-json\/wp\/v2\/media\/6299"}],"wp:attachment":[{"href":"https:\/\/popeyejetski.com\/fr\/wp-json\/wp\/v2\/media?parent=3989"}],"wp:term":[{"taxonomy":"product_brand","embeddable":true,"href":"https:\/\/popeyejetski.com\/fr\/wp-json\/wp\/v2\/product_brand?post=3989"},{"taxonomy":"product_cat","embeddable":true,"href":"https:\/\/popeyejetski.com\/fr\/wp-json\/wp\/v2\/product_cat?post=3989"},{"taxonomy":"product_tag","embeddable":true,"href":"https:\/\/popeyejetski.com\/fr\/wp-json\/wp\/v2\/product_tag?post=3989"}],"curies":[{"name":"wp","href":"https:\/\/api.w.org\/{rel}","templated":true}]}}