{"id":3613,"date":"2024-10-20T15:31:09","date_gmt":"2024-10-20T11:31:09","guid":{"rendered":"https:\/\/popeyejetski.com\/panier\/"},"modified":"2024-12-20T12:36:12","modified_gmt":"2024-12-20T08:36:12","slug":"cart","status":"publish","type":"page","link":"https:\/\/popeyejetski.com\/fr\/cart\/","title":{"rendered":"Chariot"},"content":{"rendered":"\r\n<div data-block-name=\"woocommerce\/cart\" data-translated-with-w-p-m-l-t-m=\"1\" class=\"wp-block-woocommerce-cart alignwide is-loading\">\r\n<div data-block-name=\"woocommerce\/filled-cart-block\" data-translated-with-w-p-m-l-t-m=\"1\" class=\"wp-block-woocommerce-filled-cart-block\">\r\n<div data-block-name=\"woocommerce\/cart-items-block\" data-translated-with-w-p-m-l-t-m=\"1\" class=\"wp-block-woocommerce-cart-items-block\">\n<div data-block-name=\"woocommerce\/cart-line-items-block\" data-translated-with-w-p-m-l-t-m=\"1\" class=\"wp-block-woocommerce-cart-line-items-block\"> <\/div>\n\r\n\r\n\r\n<div data-block-name=\"woocommerce\/cart-cross-sells-block\" data-translated-with-w-p-m-l-t-m=\"1\" class=\"wp-block-woocommerce-cart-cross-sells-block\">&#13;\n<h2 class=\"wp-block-heading has-large-font-size\">Vous pourriez \u00eatre int\u00e9ress\u00e9 par&#8230;<\/h2>&#13;\n\r\n\r\n\n<div data-block-name=\"woocommerce\/cart-cross-sells-products-block\" data-translated-with-w-p-m-l-t-m=\"1\" class=\"wp-block-woocommerce-cart-cross-sells-products-block\"> <\/div>\n<\/div>\r\n<\/div>\r\n\r\n\r\n\r\n<div data-block-name=\"woocommerce\/cart-totals-block\" data-translated-with-w-p-m-l-t-m=\"1\" class=\"wp-block-woocommerce-cart-totals-block\">\r\n<div data-block-name=\"woocommerce\/cart-order-summary-block\" data-translated-with-w-p-m-l-t-m=\"1\" class=\"wp-block-woocommerce-cart-order-summary-block\">\r\n<div data-block-name=\"woocommerce\/cart-order-summary-heading-block\" class=\"wp-block-woocommerce-cart-order-summary-heading-block\">\u00a0<\/div>\r\n\r\n\r<div data-block-name=\"woocommerce\/cart-order-summary-coupon-form-block\" data-translated-with-w-p-m-l-t-m=\"1\" class=\"wp-block-woocommerce-cart-order-summary-coupon-form-block\"> <\/div>\n\r\n\r\n\r\n\r\n\r\n\r\n\r\n\r\n\r\n\r<div data-block-name=\"woocommerce\/cart-order-summary-totals-block\" class=\"wp-block-woocommerce-cart-order-summary-totals-block\">\n<div data-block-name=\"woocommerce\/cart-order-summary-subtotal-block\" data-translated-with-w-p-m-l-t-m=\"1\" class=\"wp-block-woocommerce-cart-order-summary-subtotal-block\"> <\/div>\n<div data-block-name=\"woocommerce\/cart-order-summary-discount-block\" data-translated-with-w-p-m-l-t-m=\"1\" class=\"wp-block-woocommerce-cart-order-summary-discount-block\"> <\/div>\n<div data-block-name=\"woocommerce\/cart-order-summary-fee-block\" data-translated-with-w-p-m-l-t-m=\"1\" class=\"wp-block-woocommerce-cart-order-summary-fee-block\"> <\/div>\n<div data-block-name=\"woocommerce\/cart-order-summary-shipping-block\" data-translated-with-w-p-m-l-t-m=\"1\" class=\"wp-block-woocommerce-cart-order-summary-shipping-block\"> <\/div>\n<div data-block-name=\"woocommerce\/cart-order-summary-taxes-block\" data-translated-with-w-p-m-l-t-m=\"1\" class=\"wp-block-woocommerce-cart-order-summary-taxes-block\"> <\/div><\/div>\n<\/div>\r\n\r\n\r\n\n<div data-block-name=\"woocommerce\/cart-express-payment-block\" data-translated-with-w-p-m-l-t-m=\"1\" class=\"wp-block-woocommerce-cart-express-payment-block\"> <\/div>\n\r\n\r\n\r\n<div data-block-name=\"woocommerce\/proceed-to-checkout-block\" class=\"wp-block-woocommerce-proceed-to-checkout-block\">\u00a0<\/div>\r\n\r\n\r\n\n<div data-block-name=\"woocommerce\/cart-accepted-payment-methods-block\" data-translated-with-w-p-m-l-t-m=\"1\" class=\"wp-block-woocommerce-cart-accepted-payment-methods-block\"> <\/div>\n<\/div>\r\n<\/div>\r\n\r\n\r\n\r\n<div data-block-name=\"woocommerce\/empty-cart-block\" data-translated-with-w-p-m-l-t-m=\"1\" class=\"wp-block-woocommerce-empty-cart-block\">&#13;\n<h2 class=\"wp-block-heading has-text-align-center with-empty-cart-icon wc-block-cart__empty-cart__title\">Votre panier est actuellement vide !<\/h2>&#13;\n\r\n\r\n<hr class=\"wp-block-separator has-alpha-channel-opacity is-style-dots\" \/>\r\n\r\n&#13;\n<h2 class=\"wp-block-heading has-text-align-center\">Nouveau en magasin<\/h2>&#13;\n\r\n\r\n<div data-block-name=\"woocommerce\/product-new\" data-columns=\"4\" data-rows=\"1\" class=\"wc-block-grid wp-block-product-new wp-block-woocommerce-product-new wc-block-product-new has-4-columns\"><ul class=\"wc-block-grid__products\"><li class=\"wc-block-grid__product\"><span class=\"gtmkit_product_data\" style=\"display:none; visibility:hidden;\" data-gtmkit_product_id=\"9811\" data-gtmkit_product_data=\"{&quot;id&quot;:&quot;9811&quot;,&quot;item_id&quot;:&quot;9811&quot;,&quot;item_name&quot;:&quot;Jet Ski Tour&quot;,&quot;currency&quot;:&quot;AED&quot;,&quot;price&quot;:0,&quot;item_category&quot;:&quot;pas de selection&quot;,&quot;item_list_name&quot;:&quot;General Product List&quot;,&quot;index&quot;:0}\"><\/span>\n\t\t\t\t<a href=\"https:\/\/popeyejetski.com\/fr\/product\/jet-ski-tour\/\" class=\"wc-block-grid__product-link\">\n\t\t\t\t\t\n\t\t\t\t\t<div class=\"wc-block-grid__product-image\"><img fetchpriority=\"high\" decoding=\"async\" width=\"300\" height=\"300\" src=\"https:\/\/popeyejetski.com\/wp-content\/uploads\/woocommerce-placeholder-300x300.png\" class=\"woocommerce-placeholder wp-post-image\" alt=\"\" srcset=\"https:\/\/popeyejetski.com\/wp-content\/uploads\/woocommerce-placeholder-300x300.png 300w, https:\/\/popeyejetski.com\/wp-content\/uploads\/woocommerce-placeholder-100x100.png 100w, https:\/\/popeyejetski.com\/wp-content\/uploads\/woocommerce-placeholder-600x600.png 600w, https:\/\/popeyejetski.com\/wp-content\/uploads\/woocommerce-placeholder-1024x1024.png 1024w, https:\/\/popeyejetski.com\/wp-content\/uploads\/woocommerce-placeholder-150x150.png 150w, https:\/\/popeyejetski.com\/wp-content\/uploads\/woocommerce-placeholder-768x768.png 768w, https:\/\/popeyejetski.com\/wp-content\/uploads\/woocommerce-placeholder.png 1200w\" sizes=\"(max-width: 300px) 100vw, 300px\" \/><\/div>\n\t\t\t\t\t<div class=\"wc-block-grid__product-title\">Jet Ski Tour<\/div>\n\t\t\t\t<\/a>\n\t\t\t\t<div class=\"wc-block-grid__product-price price\"><\/div>\n\t\t\t\t\n\t\t\t\t<div class=\"wp-block-button wc-block-grid__product-add-to-cart\"><a href=\"https:\/\/popeyejetski.com\/fr\/product\/jet-ski-tour\/\" aria-label=\"S\u00e9lectionner les options pour &ldquo;Jet Ski Tour&rdquo;\" data-quantity=\"1\" data-product_id=\"9811\" data-product_sku=\"\" data-price=\"0\" rel=\"nofollow\" class=\"wp-block-button__link  add_to_cart_button\">Lire la suite<\/a><\/div>\n\t\t\t<\/li><li class=\"wc-block-grid__product\"><span class=\"gtmkit_product_data\" style=\"display:none; visibility:hidden;\" data-gtmkit_product_id=\"9747\" data-gtmkit_product_data=\"{&quot;id&quot;:&quot;9747&quot;,&quot;item_id&quot;:&quot;9747&quot;,&quot;item_name&quot;:&quot;Burj Al Arab - 30 MIN (Copy) (Copy) (Copy) (Copy)&quot;,&quot;currency&quot;:&quot;AED&quot;,&quot;price&quot;:290,&quot;item_category&quot;:&quot;pas de selection&quot;,&quot;item_list_name&quot;:&quot;General Product List&quot;,&quot;index&quot;:0}\"><\/span>\n\t\t\t\t<a href=\"https:\/\/popeyejetski.com\/fr\/product\/burj-al-arab-30-min-copy-copy-copy-copy\/\" class=\"wc-block-grid__product-link\">\n\t\t\t\t\t\n\t\t\t\t\t<div class=\"wc-block-grid__product-image\"><img decoding=\"async\" width=\"300\" height=\"300\" src=\"https:\/\/popeyejetski.com\/wp-content\/uploads\/2025\/09\/\u0417\u043e\u0431\u0440\u0430\u0436\u0435\u043d\u043d\u044f-WhatsApp-\u0434\u0430\u0442\u0430_-2025-09-03-\u043e-15.49.12_f1dfb979-300x300.jpg\" class=\"attachment-woocommerce_thumbnail size-woocommerce_thumbnail\" alt=\"Burj Al Arab - 30 MIN (Copy) (Copy) (Copy) (Copy)\" srcset=\"https:\/\/popeyejetski.com\/wp-content\/uploads\/2025\/09\/\u0417\u043e\u0431\u0440\u0430\u0436\u0435\u043d\u043d\u044f-WhatsApp-\u0434\u0430\u0442\u0430_-2025-09-03-\u043e-15.49.12_f1dfb979-300x300.jpg 300w, https:\/\/popeyejetski.com\/wp-content\/uploads\/2025\/09\/\u0417\u043e\u0431\u0440\u0430\u0436\u0435\u043d\u043d\u044f-WhatsApp-\u0434\u0430\u0442\u0430_-2025-09-03-\u043e-15.49.12_f1dfb979-150x150.jpg 150w, https:\/\/popeyejetski.com\/wp-content\/uploads\/2025\/09\/\u0417\u043e\u0431\u0440\u0430\u0436\u0435\u043d\u043d\u044f-WhatsApp-\u0434\u0430\u0442\u0430_-2025-09-03-\u043e-15.49.12_f1dfb979-100x100.jpg 100w\" sizes=\"(max-width: 300px) 100vw, 300px\" \/><\/div>\n\t\t\t\t\t<div class=\"wc-block-grid__product-title\">Burj Al Arab &#8211; 30 MIN (Copy) (Copy) (Copy) (Copy)<\/div>\n\t\t\t\t<\/a>\n\t\t\t\t<div class=\"wc-block-grid__product-price price\"><span class=\"woocommerce-Price-amount amount\"><span class=\"woocommerce-Price-currencySymbol\">&#x62f;.&#x625;<\/span>290<\/span> <small class=\"woocommerce-price-suffix\"><span class=\"woocommerce-Price-amount amount\"><span class=\"woocommerce-Price-currencySymbol\">&#x62f;.&#x625;<\/span>290<\/span><\/small><\/div>\n\t\t\t\t\n\t\t\t\t<div class=\"wp-block-button wc-block-grid__product-add-to-cart\"><a href=\"https:\/\/popeyejetski.com\/fr\/product\/burj-al-arab-30-min-copy-copy-copy-copy\/\" aria-label=\"En savoir plus sur &ldquo;Burj Al Arab - 30 MIN (Copy) (Copy) (Copy) (Copy)&rdquo;\" data-quantity=\"1\" data-product_id=\"9747\" data-product_sku=\"WOOJTS30-1-1-1-1\" data-price=\"290\" rel=\"nofollow\" class=\"wp-block-button__link  add_to_cart_button\">Book Now<\/a><\/div>\n\t\t\t<\/li><li class=\"wc-block-grid__product\"><span class=\"gtmkit_product_data\" style=\"display:none; visibility:hidden;\" data-gtmkit_product_id=\"9743\" data-gtmkit_product_data=\"{&quot;id&quot;:&quot;9743&quot;,&quot;item_id&quot;:&quot;9743&quot;,&quot;item_name&quot;:&quot;Burj Al Arab - 30 MIN (Copy) (Copy) (Copy)&quot;,&quot;currency&quot;:&quot;AED&quot;,&quot;price&quot;:499,&quot;item_category&quot;:&quot;pas de selection&quot;,&quot;item_list_name&quot;:&quot;General Product List&quot;,&quot;index&quot;:0}\"><\/span>\n\t\t\t\t<a href=\"https:\/\/popeyejetski.com\/fr\/product\/burj-al-arab-30-min-copy-copy-copy\/\" class=\"wc-block-grid__product-link\">\n\t\t\t\t\t\n\t\t\t\t\t<div class=\"wc-block-grid__product-image\"><img decoding=\"async\" width=\"300\" height=\"300\" src=\"https:\/\/popeyejetski.com\/wp-content\/uploads\/2025\/09\/\u0417\u043e\u0431\u0440\u0430\u0436\u0435\u043d\u043d\u044f-WhatsApp-\u0434\u0430\u0442\u0430_-2025-09-09-\u043e-07.44.30_b8410c4b-300x300.jpg\" class=\"attachment-woocommerce_thumbnail size-woocommerce_thumbnail\" alt=\"Burj Al Arab - 30 MIN (Copy) (Copy) (Copy)\" srcset=\"https:\/\/popeyejetski.com\/wp-content\/uploads\/2025\/09\/\u0417\u043e\u0431\u0440\u0430\u0436\u0435\u043d\u043d\u044f-WhatsApp-\u0434\u0430\u0442\u0430_-2025-09-09-\u043e-07.44.30_b8410c4b-300x300.jpg 300w, https:\/\/popeyejetski.com\/wp-content\/uploads\/2025\/09\/\u0417\u043e\u0431\u0440\u0430\u0436\u0435\u043d\u043d\u044f-WhatsApp-\u0434\u0430\u0442\u0430_-2025-09-09-\u043e-07.44.30_b8410c4b-150x150.jpg 150w, https:\/\/popeyejetski.com\/wp-content\/uploads\/2025\/09\/\u0417\u043e\u0431\u0440\u0430\u0436\u0435\u043d\u043d\u044f-WhatsApp-\u0434\u0430\u0442\u0430_-2025-09-09-\u043e-07.44.30_b8410c4b-100x100.jpg 100w\" sizes=\"(max-width: 300px) 100vw, 300px\" \/><\/div>\n\t\t\t\t\t<div class=\"wc-block-grid__product-title\">Burj Al Arab &#8211; 30 MIN (Copy) (Copy) (Copy)<\/div>\n\t\t\t\t<\/a>\n\t\t\t\t<div class=\"wc-block-grid__product-price price\"><span class=\"woocommerce-Price-amount amount\"><span class=\"woocommerce-Price-currencySymbol\">&#x62f;.&#x625;<\/span>499<\/span> <small class=\"woocommerce-price-suffix\"><span class=\"woocommerce-Price-amount amount\"><span class=\"woocommerce-Price-currencySymbol\">&#x62f;.&#x625;<\/span>499<\/span><\/small><\/div>\n\t\t\t\t\n\t\t\t\t<div class=\"wp-block-button wc-block-grid__product-add-to-cart\"><a href=\"https:\/\/popeyejetski.com\/fr\/product\/burj-al-arab-30-min-copy-copy-copy\/\" aria-label=\"En savoir plus sur &ldquo;Burj Al Arab - 30 MIN (Copy) (Copy) (Copy)&rdquo;\" data-quantity=\"1\" data-product_id=\"9743\" data-product_sku=\"WOOJTS30-1-1-1\" data-price=\"499\" rel=\"nofollow\" class=\"wp-block-button__link  add_to_cart_button\">Book Now<\/a><\/div>\n\t\t\t<\/li><li class=\"wc-block-grid__product\"><span class=\"gtmkit_product_data\" style=\"display:none; visibility:hidden;\" data-gtmkit_product_id=\"9738\" data-gtmkit_product_data=\"{&quot;id&quot;:&quot;9738&quot;,&quot;item_id&quot;:&quot;9738&quot;,&quot;item_name&quot;:&quot;Burj Al Arab - 30 MIN (Copy) (Copy)&quot;,&quot;currency&quot;:&quot;AED&quot;,&quot;price&quot;:350,&quot;item_category&quot;:&quot;pas de selection&quot;,&quot;item_list_name&quot;:&quot;General Product List&quot;,&quot;index&quot;:0}\"><\/span>\n\t\t\t\t<a href=\"https:\/\/popeyejetski.com\/fr\/product\/burj-al-arab-30-min-copy-copy\/\" class=\"wc-block-grid__product-link\">\n\t\t\t\t\t\n\t\t\t\t\t<div class=\"wc-block-grid__product-image\"><img loading=\"lazy\" decoding=\"async\" width=\"300\" height=\"300\" src=\"https:\/\/popeyejetski.com\/wp-content\/uploads\/2025\/09\/\u0417\u043e\u0431\u0440\u0430\u0436\u0435\u043d\u043d\u044f-WhatsApp-\u0434\u0430\u0442\u0430_-2025-09-09-\u043e-07.44.29_6a7da306-\u2013-\u043a\u043e\u043f\u0456\u044f-300x300.jpg\" class=\"attachment-woocommerce_thumbnail size-woocommerce_thumbnail\" alt=\"Burj Al Arab - 30 MIN (Copy) (Copy)\" srcset=\"https:\/\/popeyejetski.com\/wp-content\/uploads\/2025\/09\/\u0417\u043e\u0431\u0440\u0430\u0436\u0435\u043d\u043d\u044f-WhatsApp-\u0434\u0430\u0442\u0430_-2025-09-09-\u043e-07.44.29_6a7da306-\u2013-\u043a\u043e\u043f\u0456\u044f-300x300.jpg 300w, https:\/\/popeyejetski.com\/wp-content\/uploads\/2025\/09\/\u0417\u043e\u0431\u0440\u0430\u0436\u0435\u043d\u043d\u044f-WhatsApp-\u0434\u0430\u0442\u0430_-2025-09-09-\u043e-07.44.29_6a7da306-\u2013-\u043a\u043e\u043f\u0456\u044f-150x150.jpg 150w, https:\/\/popeyejetski.com\/wp-content\/uploads\/2025\/09\/\u0417\u043e\u0431\u0440\u0430\u0436\u0435\u043d\u043d\u044f-WhatsApp-\u0434\u0430\u0442\u0430_-2025-09-09-\u043e-07.44.29_6a7da306-\u2013-\u043a\u043e\u043f\u0456\u044f-100x100.jpg 100w\" sizes=\"(max-width: 300px) 100vw, 300px\" \/><\/div>\n\t\t\t\t\t<div class=\"wc-block-grid__product-title\">Burj Al Arab &#8211; 30 MIN (Copy) (Copy)<\/div>\n\t\t\t\t<\/a>\n\t\t\t\t<div class=\"wc-block-grid__product-price price\"><span class=\"woocommerce-Price-amount amount\"><span class=\"woocommerce-Price-currencySymbol\">&#x62f;.&#x625;<\/span>350<\/span> <small class=\"woocommerce-price-suffix\"><span class=\"woocommerce-Price-amount amount\"><span class=\"woocommerce-Price-currencySymbol\">&#x62f;.&#x625;<\/span>350<\/span><\/small><\/div>\n\t\t\t\t\n\t\t\t\t<div class=\"wp-block-button wc-block-grid__product-add-to-cart\"><a href=\"https:\/\/popeyejetski.com\/fr\/product\/burj-al-arab-30-min-copy-copy\/\" aria-label=\"En savoir plus sur &ldquo;Burj Al Arab - 30 MIN (Copy) (Copy)&rdquo;\" data-quantity=\"1\" data-product_id=\"9738\" data-product_sku=\"WOOJTS30-1-1\" data-price=\"350\" rel=\"nofollow\" class=\"wp-block-button__link  add_to_cart_button\">Book Now<\/a><\/div>\n\t\t\t<\/li><\/ul><\/div><\/div>\r\n<\/div>\r\n","protected":false},"excerpt":{"rendered":"","protected":false},"author":9,"featured_media":0,"parent":0,"menu_order":0,"comment_status":"closed","ping_status":"closed","template":"","meta":{"_acf_changed":false,"footnotes":""},"class_list":["post-3613","page","type-page","status-publish","hentry"],"acf":[],"_links":{"self":[{"href":"https:\/\/popeyejetski.com\/fr\/wp-json\/wp\/v2\/pages\/3613","targetHints":{"allow":["GET"]}}],"collection":[{"href":"https:\/\/popeyejetski.com\/fr\/wp-json\/wp\/v2\/pages"}],"about":[{"href":"https:\/\/popeyejetski.com\/fr\/wp-json\/wp\/v2\/types\/page"}],"author":[{"embeddable":true,"href":"https:\/\/popeyejetski.com\/fr\/wp-json\/wp\/v2\/users\/9"}],"replies":[{"embeddable":true,"href":"https:\/\/popeyejetski.com\/fr\/wp-json\/wp\/v2\/comments?post=3613"}],"version-history":[{"count":2,"href":"https:\/\/popeyejetski.com\/fr\/wp-json\/wp\/v2\/pages\/3613\/revisions"}],"predecessor-version":[{"id":4751,"href":"https:\/\/popeyejetski.com\/fr\/wp-json\/wp\/v2\/pages\/3613\/revisions\/4751"}],"wp:attachment":[{"href":"https:\/\/popeyejetski.com\/fr\/wp-json\/wp\/v2\/media?parent=3613"}],"curies":[{"name":"wp","href":"https:\/\/api.w.org\/{rel}","templated":true}]}}